{"id":294,"date":"2016-10-06T03:56:06","date_gmt":"2016-10-05T19:56:06","guid":{"rendered":"http:\/\/demowp.cththemes.net\/diopter\/?page_id=294"},"modified":"2020-09-11T17:07:40","modified_gmt":"2020-09-11T20:07:40","slug":"contacts","status":"publish","type":"page","link":"https:\/\/definde.com.ar\/?page_id=294","title":{"rendered":"Nuestros Contactos"},"content":{"rendered":"\t\t<div data-elementor-type=\"wp-post\" data-elementor-id=\"294\" class=\"elementor elementor-294\">\n\t\t\t\t\t\t<div class=\"elementor-inner\">\n\t\t\t\t<div class=\"elementor-section-wrap\">\n\t\t\t\t\t\t\t\t\t<section class=\"elementor-section elementor-top-section elementor-element elementor-element-d243dfa pad-bot-50 elementor-section-boxed elementor-section-height-default elementor-section-height-default\" data-id=\"d243dfa\" data-element_type=\"section\">\n\t\t\t\t\t\t<div class=\"elementor-container elementor-column-gap-wide\">\n\t\t\t\t\t\t\t<div class=\"elementor-row\">\n\t\t\t\t\t<div class=\"elementor-column elementor-col-33 elementor-top-column elementor-element elementor-element-fd5ce14\" data-id=\"fd5ce14\" data-element_type=\"column\">\n\t\t\t<div class=\"elementor-column-wrap elementor-element-populated\">\n\t\t\t\t\t\t\t<div class=\"elementor-widget-wrap\">\n\t\t\t\t\t\t<div class=\"elementor-element elementor-element-6cee528 elementor-widget elementor-widget-section_titleleft\" data-id=\"6cee528\" data-element_type=\"widget\" data-widget_type=\"section_titleleft.default\">\n\t\t\t\t<div class=\"elementor-widget-container\">\n\t\t\t        <div class=\"ab_text-title fl-wrap\">\n            <h3>Ponete en contacto<\/h3><span class=\"section-separator fl-sec-sep\"><\/span>        <\/div>\n        \t\t<\/div>\n\t\t\t\t<\/div>\n\t\t\t\t<div class=\"elementor-element elementor-element-9ee57ee contact-infos-widget elementor-widget elementor-widget-text-editor\" data-id=\"9ee57ee\" data-element_type=\"widget\" data-widget_type=\"text-editor.default\">\n\t\t\t\t<div class=\"elementor-widget-container\">\n\t\t\t\t\t\t\t\t<div class=\"elementor-text-editor elementor-clearfix\">\n\t\t\t\t<ul class=\"no-list-style contact-infos\"><li><span class=\"no-rep\"><i class=\"fal fa-map-marker\"><\/i> Direcci\u00f3n: Gorostiaga 2359, (1426), Buenos Aires<\/span><\/li><li><span class=\"no-rep\"><i class=\"fal fa-phone\"><\/i> Tel\u00e9fono: 011-4773-8355<\/span><\/li><li><span class=\"no-rep\"><i class=\"fal fa-envelope\"><\/i> Mail :<\/span>contacto@definde.com.ar<\/li><\/ul><ul class=\"no-list-style contact-socials\"><li><a href=\"#\" target=\"_blank\" rel=\"noopener\"><i class=\"fab fa-facebook-f\"><\/i><\/a><\/li><li><a href=\"#\" target=\"_blank\" rel=\"noopener\"><i class=\"fab fa-twitter\"><\/i><\/a><\/li><li><a href=\"#\" target=\"_blank\" rel=\"noopener\"><i class=\"fab fa-vk\"><\/i><\/a><\/li><li><a href=\"#\" target=\"_blank\" rel=\"noopener\"><i class=\"fab fa-instagram\"><\/i><\/a><\/li><\/ul>\t\t\t\t\t<\/div>\n\t\t\t\t\t\t<\/div>\n\t\t\t\t<\/div>\n\t\t\t\t<div class=\"elementor-element elementor-element-c70b4f3 elementor-widget elementor-widget-wp-widget-townhub-banner\" data-id=\"c70b4f3\" data-element_type=\"widget\" data-widget_type=\"wp-widget-townhub-banner.default\">\n\t\t\t\t<div class=\"elementor-widget-container\">\n\t\t\t\n\t\t\t\t\n\t\t\t<div class=\"banner-wdget fl-wrap\">\n                \n                                <div class=\"bg\" data-bg=\"https:\/\/definde.com.ar\/wp-content\/uploads\/2019\/08\/18-768x512.jpg\"><\/div>\n                                <div class=\"overlay\"><\/div>\n                <div class=\"banner-wdget-content fl-wrap\">\n                    <h4><p> Particip\u00e1 de nuestro programa de fidelidad.\r\n<p> FINDE-FRIENDS \r\n<p> Refer\u00ed un amigo y obten\u00e9 un descuento!<\/h4>\r\n<a href=\"#\" class=\"color-bg\">Leer mas<\/a>                <\/div>\n            <\/div>\n\n        \n\t\t\t<\/div>\n\t\t\t\t<\/div>\n\t\t\t\t\t\t<\/div>\n\t\t\t\t\t<\/div>\n\t\t<\/div>\n\t\t\t\t<div class=\"elementor-column elementor-col-66 elementor-top-column elementor-element elementor-element-bf53b92\" data-id=\"bf53b92\" data-element_type=\"column\">\n\t\t\t<div class=\"elementor-column-wrap elementor-element-populated\">\n\t\t\t\t\t\t\t<div class=\"elementor-widget-wrap\">\n\t\t\t\t\t\t<div class=\"elementor-element elementor-element-49b14da elementor-widget elementor-widget-section_titleleft\" data-id=\"49b14da\" data-element_type=\"widget\" data-widget_type=\"section_titleleft.default\">\n\t\t\t\t<div class=\"elementor-widget-container\">\n\t\t\t        <div class=\"ab_text-title fl-wrap\">\n            <h3>Dejanos tu opini\u00f3n<\/h3><span class=\"section-separator fl-sec-sep\"><\/span>        <\/div>\n        \t\t<\/div>\n\t\t\t\t<\/div>\n\t\t\t\t<div class=\"elementor-element elementor-element-35465dc elementor-widget elementor-widget-text-editor\" data-id=\"35465dc\" data-element_type=\"widget\" data-widget_type=\"text-editor.default\">\n\t\t\t\t<div class=\"elementor-widget-container\">\n\t\t\t\t\t\t\t\t<div class=\"elementor-text-editor elementor-clearfix\">\n\t\t\t\tUt euismod ultricies sollicitudin. Curabitur sed dapibus nulla. Nulla eget iaculis lectus. Mauris ac maximus neque. Nam in mauris quis libero sodales eleifend. Morbi varius, nulla sit amet rutrum elementum, est elit finibus tellus, ut tristique elit risus at metus. In ut odio libero, at vulputate urna. Nulla tristique mi a massa convallis cursus. Nulla eu mi magna. Etiam suscipit commodo gravida.\t\t\t\t\t<\/div>\n\t\t\t\t\t\t<\/div>\n\t\t\t\t<\/div>\n\t\t\t\t<div class=\"elementor-element elementor-element-38e24b2 elementor-widget elementor-widget-contact_form7\" data-id=\"38e24b2\" data-element_type=\"widget\" data-widget_type=\"contact_form7.default\">\n\t\t\t\t<div class=\"elementor-widget-container\">\n\t\t\t        <div class=\"contact-form7\"><div role=\"form\" class=\"wpcf7\" id=\"wpcf7-f1582-o1\" lang=\"en-US\" dir=\"ltr\">\n<div class=\"screen-reader-response\"><p role=\"status\" aria-live=\"polite\" aria-atomic=\"true\"><\/p> <ul><\/ul><\/div>\n<form action=\"\/index.php?rest_route=%2Fwp%2Fv2%2Fpages%2F294#wpcf7-f1582-o1\" method=\"post\" class=\"wpcf7-form init\" novalidate=\"novalidate\" data-status=\"init\">\n<div style=\"display: none;\">\n<input type=\"hidden\" name=\"_wpcf7\" value=\"1582\" \/>\n<input type=\"hidden\" name=\"_wpcf7_version\" value=\"5.5.6\" \/>\n<input type=\"hidden\" name=\"_wpcf7_locale\" value=\"en_US\" \/>\n<input type=\"hidden\" name=\"_wpcf7_unit_tag\" value=\"wpcf7-f1582-o1\" \/>\n<input type=\"hidden\" name=\"_wpcf7_container_post\" value=\"0\" \/>\n<input type=\"hidden\" name=\"_wpcf7_posted_data_hash\" value=\"\" \/>\n<\/div>\n<div class=\"contact-form-holder custom-form\">\n<p>   <label><i class=\"fal fa-user\"><\/i><\/label><span class=\"wpcf7-form-control-wrap your-name\"><input type=\"text\" name=\"your-name\" value=\"\" size=\"40\" class=\"wpcf7-form-control wpcf7-text wpcf7-validates-as-required has-icon\" aria-required=\"true\" aria-invalid=\"false\" placeholder=\"Tu Nombre *\" \/><\/span><\/p>\n<div class=\"clearfix\"><\/div>\n<p>   <label><i class=\"fal fa-envelope\"><\/i><\/label><span class=\"wpcf7-form-control-wrap your-email\"><input type=\"email\" name=\"your-email\" value=\"\" size=\"40\" class=\"wpcf7-form-control wpcf7-text wpcf7-email wpcf7-validates-as-required wpcf7-validates-as-email has-icon\" aria-required=\"true\" aria-invalid=\"false\" placeholder=\"Email *\" \/><\/span><\/p>\n<p>   <span class=\"wpcf7-form-control-wrap your-message\"><textarea name=\"your-message\" cols=\"40\" rows=\"10\" class=\"wpcf7-form-control wpcf7-textarea wpcf7-validates-as-required\" aria-required=\"true\" aria-invalid=\"false\" placeholder=\"Tu Mensaje\"><\/textarea><\/span><\/p>\n<p>   <input type=\"submit\" value=\"Enviar Mensaje\" class=\"wpcf7-form-control has-spinner wpcf7-submit btn color2-bg\" \/>\n<\/p><\/div>\n<div class=\"wpcf7-response-output\" aria-hidden=\"true\"><\/div><\/form><\/div><\/div>\n        \t\t<\/div>\n\t\t\t\t<\/div>\n\t\t\t\t\t\t<\/div>\n\t\t\t\t\t<\/div>\n\t\t<\/div>\n\t\t\t\t\t\t\t\t<\/div>\n\t\t\t\t\t<\/div>\n\t\t<\/section>\n\t\t\t\t<section class=\"elementor-section elementor-top-section elementor-element elementor-element-3792b48 elementor-section-full_width pad-bot-0 pad-top-0 elementor-section-height-default elementor-section-height-default\" data-id=\"3792b48\" data-element_type=\"section\">\n\t\t\t\t\t\t<div class=\"elementor-container elementor-column-gap-no\">\n\t\t\t\t\t\t\t<div class=\"elementor-row\">\n\t\t\t\t\t<div class=\"elementor-column elementor-col-100 elementor-top-column elementor-element elementor-element-ee7403f\" data-id=\"ee7403f\" data-element_type=\"column\">\n\t\t\t<div class=\"elementor-column-wrap elementor-element-populated\">\n\t\t\t\t\t\t\t<div class=\"elementor-widget-wrap\">\n\t\t\t\t\t\t<div class=\"elementor-element elementor-element-ec4e34e elementor-widget elementor-widget-google_map\" data-id=\"ec4e34e\" data-element_type=\"widget\" data-widget_type=\"google_map.default\">\n\t\t\t\t<div class=\"elementor-widget-container\">\n\t\t\t        <div class=\"map-container\">\n                <div id=\"singleMap69e37a4361fe9\" class=\"singleMap singleMap-googlemap\" data-lat=\"-34.5704315\" data-lng=\"-58.4424884\" data-loc=\"Nuestra Oficina\" data-zoom=\"14\"><\/div>\n\n        <\/div>\n        \t\t<\/div>\n\t\t\t\t<\/div>\n\t\t\t\t\t\t<\/div>\n\t\t\t\t\t<\/div>\n\t\t<\/div>\n\t\t\t\t\t\t\t\t<\/div>\n\t\t\t\t\t<\/div>\n\t\t<\/section>\n\t\t\t\t\t\t\t\t\t<\/div>\n\t\t\t<\/div>\n\t\t\t\t\t<\/div>\n\t\t","protected":false},"excerpt":{"rendered":"<p>Ponete en contacto Direcci\u00f3n: Gorostiaga 2359, (1426), Buenos Aires Tel\u00e9fono: 011-4773-8355 Mail :contacto@definde.com.ar Dejanos tu opini\u00f3n Ut euismod ultricies sollicitudin. Curabitur sed dapibus nulla. Nulla eget iaculis lectus. Mauris ac maximus neque. Nam in mauris quis libero sodales eleifend. Morbi varius, nulla sit amet rutrum elementum, est elit finibus tellus, ut tristique elit risus at &hellip; <\/p>\n","protected":false},"author":1,"featured_media":0,"parent":0,"menu_order":0,"comment_status":"closed","ping_status":"closed","template":"page-fullwidth.php","meta":[],"_links":{"self":[{"href":"https:\/\/definde.com.ar\/index.php?rest_route=\/wp\/v2\/pages\/294"}],"collection":[{"href":"https:\/\/definde.com.ar\/index.php?rest_route=\/wp\/v2\/pages"}],"about":[{"href":"https:\/\/definde.com.ar\/index.php?rest_route=\/wp\/v2\/types\/page"}],"author":[{"embeddable":true,"href":"https:\/\/definde.com.ar\/index.php?rest_route=\/wp\/v2\/users\/1"}],"replies":[{"embeddable":true,"href":"https:\/\/definde.com.ar\/index.php?rest_route=%2Fwp%2Fv2%2Fcomments&post=294"}],"version-history":[{"count":13,"href":"https:\/\/definde.com.ar\/index.php?rest_route=\/wp\/v2\/pages\/294\/revisions"}],"predecessor-version":[{"id":9979,"href":"https:\/\/definde.com.ar\/index.php?rest_route=\/wp\/v2\/pages\/294\/revisions\/9979"}],"wp:attachment":[{"href":"https:\/\/definde.com.ar\/index.php?rest_route=%2Fwp%2Fv2%2Fmedia&parent=294"}],"curies":[{"name":"wp","href":"https:\/\/api.w.org\/{rel}","templated":true}]}}